{"id":24,"date":"2019-07-11T13:12:49","date_gmt":"2019-07-11T11:12:49","guid":{"rendered":"https:\/\/www.die-seesterne.de\/neu\/?page_id=24"},"modified":"2019-07-11T13:23:37","modified_gmt":"2019-07-11T11:23:37","slug":"familotel-frieslandstern","status":"publish","type":"page","link":"https:\/\/www.die-seesterne.de\/index.php\/familotel-frieslandstern\/","title":{"rendered":"Familotel Frieslandstern"},"content":{"rendered":"\n<p class=\"has-drop-cap\">Unser gem\u00fctlich eingerichtetes Restaurant mit friesischer und \ngutb\u00fcrgerlicher K\u00fcche bietet Sitzpl\u00e4tze f\u00fcr 280 Personen. Erfreuen Sie \nsich jetzt schon an einen kleinen Ausschnitt aus unsere Spezialit\u00e4ten \n&#8230; !<\/p>\n\n\n\n<p><strong>Updr\u00f6gt Bohnen<\/strong><br>ein deftiges rustikales Essen, aufgetrocknete Bohnen mit Kasseler,  Bauchfleisch, ger\u00e4ucherten und frischen Kochw\u00fcrsten Friesischer<br><strong>Deichlammbraten nach Art des Hause<\/strong>s<br>in Rosmarinso\u00dfe, dazu servieren wir Speckbohnen und Petersilienkartoffeln<br><strong>Niedersachsenteller<\/strong><br> Gebratenes Nackenkassler mit ger\u00f6steten Zwiebeln, Dicke Bohnen in Rahmso\u00dfe, Speck-Zwiebel Stippe und Bratkartoffeln<br> <strong>P\u00f6kelfleisch<\/strong><br>gep\u00f6keltes Rindfleisch aus der Oberschale, hauchd\u00fcnn geschnitten, dazu  Preiselbeersahne, Sahnemeerrettich, Senfsauce, zerlassene Butter, dazu  &#8222;Een beten Ditjes und Datjes&#8220; (sauer eingelegtes Gem\u00fcse),  Speckrosenkohl, Butterbohnen und Salzkartoffeln<br><strong>Wangerl\u00e4nder Scholle<\/strong><br>mit Krabben und Kr\u00e4uterbutter gef\u00fcllt, dazu reichen wir Brat- oder Petersilienkartoffeln<\/p>\n\n\n\n<p>Auf unserer 35000qm gro\u00dfen Anlage finden Sie: das Restaurant  &#8222;Molkerei Horum&#8220; mit Saalbetrieb, einen ger\u00e4umigen Wintergarten (unsere  Friesendiele), einen Biergarten unter gro\u00dfen B\u00e4umen, 40 gem\u00fctlich  eingerichtete Ferienwohnungen und Appartements f\u00fcr bis zu 8 Personen, 20  Hotelzimmer (ausgestattet mit Du\/WC, Sat-TV, Durchwahltelefon), die  Reithalle und einen Aussenreitplatz mit dem angeschlossenen  Friesengest\u00fct, die &#8222;Kinnerstuuv&#8220; und den Spielplatz f\u00fcr unsere kleinsten  G\u00e4ste.<\/p>\n\n\n\n<p>Familotel Frieslandstern<\/p>\n\n\n\n<p>St\u00f6rtebekerstrasse 13<br>\n26434 Wangerland-Horum<br>\n04426 &#8211; 945-0<\/p>\n\n\n\n<p><a href=\"mailto:info@friesland-stern.de\">info@friesland-stern.de<\/a><br><a rel=\"noreferrer noopener\" href=\"https:\/\/www.friesland-stern.de\" target=\"_blank\">www.friesland-stern.de<\/a><\/p>\n\n\n\n<ul class=\"wp-block-gallery columns-3 is-cropped wp-block-gallery-1 is-layout-flex wp-block-gallery-is-layout-flex\"><li class=\"blocks-gallery-item\"><figure><img loading=\"lazy\" decoding=\"async\" width=\"1024\" height=\"683\" src=\"https:\/\/www.die-seesterne.de\/neu\/wp-content\/uploads\/2019\/07\/frieslandstern-001-1024x683.jpg\" alt=\"\" data-id=\"30\" data-link=\"https:\/\/www.die-seesterne.de\/neu\/index.php\/familotel-frieslandstern\/frieslandstern-001\/\" class=\"wp-image-30\" srcset=\"https:\/\/www.die-seesterne.de\/wp-content\/uploads\/2019\/07\/frieslandstern-001-1024x683.jpg 1024w, https:\/\/www.die-seesterne.de\/wp-content\/uploads\/2019\/07\/frieslandstern-001-300x200.jpg 300w, https:\/\/www.die-seesterne.de\/wp-content\/uploads\/2019\/07\/frieslandstern-001-768x512.jpg 768w, https:\/\/www.die-seesterne.de\/wp-content\/uploads\/2019\/07\/frieslandstern-001-162x108.jpg 162w, https:\/\/www.die-seesterne.de\/wp-content\/uploads\/2019\/07\/frieslandstern-001.jpg 1300w\" sizes=\"auto, (max-width: 1024px) 100vw, 1024px\" \/><\/figure><\/li><li class=\"blocks-gallery-item\"><figure><img loading=\"lazy\" decoding=\"async\" width=\"1024\" height=\"688\" src=\"https:\/\/www.die-seesterne.de\/neu\/wp-content\/uploads\/2019\/07\/frieslandstern-002-1024x688.jpg\" alt=\"\" data-id=\"31\" data-link=\"https:\/\/www.die-seesterne.de\/neu\/index.php\/familotel-frieslandstern\/frieslandstern-002\/\" class=\"wp-image-31\" srcset=\"https:\/\/www.die-seesterne.de\/wp-content\/uploads\/2019\/07\/frieslandstern-002-1024x688.jpg 1024w, https:\/\/www.die-seesterne.de\/wp-content\/uploads\/2019\/07\/frieslandstern-002-300x202.jpg 300w, https:\/\/www.die-seesterne.de\/wp-content\/uploads\/2019\/07\/frieslandstern-002-768x516.jpg 768w, https:\/\/www.die-seesterne.de\/wp-content\/uploads\/2019\/07\/frieslandstern-002-161x108.jpg 161w, https:\/\/www.die-seesterne.de\/wp-content\/uploads\/2019\/07\/frieslandstern-002.jpg 1300w\" sizes=\"auto, (max-width: 1024px) 100vw, 1024px\" \/><\/figure><\/li><li class=\"blocks-gallery-item\"><figure><img loading=\"lazy\" decoding=\"async\" width=\"1024\" height=\"683\" src=\"https:\/\/www.die-seesterne.de\/neu\/wp-content\/uploads\/2019\/07\/frieslandstern-003-1024x683.jpg\" alt=\"\" data-id=\"32\" data-link=\"https:\/\/www.die-seesterne.de\/neu\/index.php\/familotel-frieslandstern\/frieslandstern-003\/\" class=\"wp-image-32\" srcset=\"https:\/\/www.die-seesterne.de\/wp-content\/uploads\/2019\/07\/frieslandstern-003-1024x683.jpg 1024w, https:\/\/www.die-seesterne.de\/wp-content\/uploads\/2019\/07\/frieslandstern-003-300x200.jpg 300w, https:\/\/www.die-seesterne.de\/wp-content\/uploads\/2019\/07\/frieslandstern-003-768x512.jpg 768w, https:\/\/www.die-seesterne.de\/wp-content\/uploads\/2019\/07\/frieslandstern-003-162x108.jpg 162w, https:\/\/www.die-seesterne.de\/wp-content\/uploads\/2019\/07\/frieslandstern-003.jpg 1300w\" sizes=\"auto, (max-width: 1024px) 100vw, 1024px\" \/><\/figure><\/li><li class=\"blocks-gallery-item\"><figure><img loading=\"lazy\" decoding=\"async\" width=\"1024\" height=\"683\" src=\"https:\/\/www.die-seesterne.de\/neu\/wp-content\/uploads\/2019\/07\/frieslandstern-004-1024x683.jpg\" alt=\"\" data-id=\"33\" data-link=\"https:\/\/www.die-seesterne.de\/neu\/index.php\/familotel-frieslandstern\/frieslandstern-004\/\" class=\"wp-image-33\" srcset=\"https:\/\/www.die-seesterne.de\/wp-content\/uploads\/2019\/07\/frieslandstern-004-1024x683.jpg 1024w, https:\/\/www.die-seesterne.de\/wp-content\/uploads\/2019\/07\/frieslandstern-004-300x200.jpg 300w, https:\/\/www.die-seesterne.de\/wp-content\/uploads\/2019\/07\/frieslandstern-004-768x512.jpg 768w, https:\/\/www.die-seesterne.de\/wp-content\/uploads\/2019\/07\/frieslandstern-004-162x108.jpg 162w, https:\/\/www.die-seesterne.de\/wp-content\/uploads\/2019\/07\/frieslandstern-004.jpg 1300w\" sizes=\"auto, (max-width: 1024px) 100vw, 1024px\" \/><\/figure><\/li><li class=\"blocks-gallery-item\"><figure><img loading=\"lazy\" decoding=\"async\" width=\"1024\" height=\"1024\" src=\"https:\/\/www.die-seesterne.de\/neu\/wp-content\/uploads\/2019\/07\/frieslandstern-005-1024x1024.jpg\" alt=\"\" data-id=\"34\" data-link=\"https:\/\/www.die-seesterne.de\/neu\/index.php\/familotel-frieslandstern\/frieslandstern-005\/\" class=\"wp-image-34\" srcset=\"https:\/\/www.die-seesterne.de\/wp-content\/uploads\/2019\/07\/frieslandstern-005-1024x1024.jpg 1024w, https:\/\/www.die-seesterne.de\/wp-content\/uploads\/2019\/07\/frieslandstern-005-150x150.jpg 150w, https:\/\/www.die-seesterne.de\/wp-content\/uploads\/2019\/07\/frieslandstern-005-300x300.jpg 300w, https:\/\/www.die-seesterne.de\/wp-content\/uploads\/2019\/07\/frieslandstern-005-768x768.jpg 768w, https:\/\/www.die-seesterne.de\/wp-content\/uploads\/2019\/07\/frieslandstern-005-144x144.jpg 144w, https:\/\/www.die-seesterne.de\/wp-content\/uploads\/2019\/07\/frieslandstern-005-108x108.jpg 108w, https:\/\/www.die-seesterne.de\/wp-content\/uploads\/2019\/07\/frieslandstern-005.jpg 1300w\" sizes=\"auto, (max-width: 1024px) 100vw, 1024px\" \/><\/figure><\/li><li class=\"blocks-gallery-item\"><figure><img loading=\"lazy\" decoding=\"async\" width=\"1024\" height=\"683\" src=\"https:\/\/www.die-seesterne.de\/neu\/wp-content\/uploads\/2019\/07\/frieslandstern-006-1024x683.jpg\" alt=\"\" data-id=\"35\" data-link=\"https:\/\/www.die-seesterne.de\/neu\/index.php\/familotel-frieslandstern\/frieslandstern-006\/\" class=\"wp-image-35\" srcset=\"https:\/\/www.die-seesterne.de\/wp-content\/uploads\/2019\/07\/frieslandstern-006-1024x683.jpg 1024w, https:\/\/www.die-seesterne.de\/wp-content\/uploads\/2019\/07\/frieslandstern-006-300x200.jpg 300w, https:\/\/www.die-seesterne.de\/wp-content\/uploads\/2019\/07\/frieslandstern-006-768x512.jpg 768w, https:\/\/www.die-seesterne.de\/wp-content\/uploads\/2019\/07\/frieslandstern-006-162x108.jpg 162w, https:\/\/www.die-seesterne.de\/wp-content\/uploads\/2019\/07\/frieslandstern-006.jpg 1300w\" sizes=\"auto, (max-width: 1024px) 100vw, 1024px\" \/><\/figure><\/li><\/ul>\n\n\n\n<p><\/p>\n","protected":false},"excerpt":{"rendered":"<p>Unser gem\u00fctlich eingerichtetes Restaurant mit friesischer und gutb\u00fcrgerlicher K\u00fcche bietet Sitzpl\u00e4tze f\u00fcr 280 Personen. Erfreuen Sie sich jetzt schon an &hellip; <a href=\"https:\/\/www.die-seesterne.de\/index.php\/familotel-frieslandstern\/\" class=\"more-link\"><span class=\"screen-reader-text\">Familotel Frieslandstern<\/span> weiterlesen<\/a><\/p>\n","protected":false},"author":1,"featured_media":25,"parent":0,"menu_order":0,"comment_status":"closed","ping_status":"closed","template":"","meta":{"footnotes":""},"class_list":["post-24","page","type-page","status-publish","has-post-thumbnail","hentry"],"jetpack_sharing_enabled":true,"_links":{"self":[{"href":"https:\/\/www.die-seesterne.de\/index.php\/wp-json\/wp\/v2\/pages\/24","targetHints":{"allow":["GET"]}}],"collection":[{"href":"https:\/\/www.die-seesterne.de\/index.php\/wp-json\/wp\/v2\/pages"}],"about":[{"href":"https:\/\/www.die-seesterne.de\/index.php\/wp-json\/wp\/v2\/types\/page"}],"author":[{"embeddable":true,"href":"https:\/\/www.die-seesterne.de\/index.php\/wp-json\/wp\/v2\/users\/1"}],"replies":[{"embeddable":true,"href":"https:\/\/www.die-seesterne.de\/index.php\/wp-json\/wp\/v2\/comments?post=24"}],"version-history":[{"count":4,"href":"https:\/\/www.die-seesterne.de\/index.php\/wp-json\/wp\/v2\/pages\/24\/revisions"}],"predecessor-version":[{"id":37,"href":"https:\/\/www.die-seesterne.de\/index.php\/wp-json\/wp\/v2\/pages\/24\/revisions\/37"}],"wp:featuredmedia":[{"embeddable":true,"href":"https:\/\/www.die-seesterne.de\/index.php\/wp-json\/wp\/v2\/media\/25"}],"wp:attachment":[{"href":"https:\/\/www.die-seesterne.de\/index.php\/wp-json\/wp\/v2\/media?parent=24"}],"curies":[{"name":"wp","href":"https:\/\/api.w.org\/{rel}","templated":true}]}}