{"id":40,"date":"2019-07-11T13:28:06","date_gmt":"2019-07-11T11:28:06","guid":{"rendered":"https:\/\/www.die-seesterne.de\/neu\/?page_id=40"},"modified":"2019-07-12T13:15:24","modified_gmt":"2019-07-12T11:15:24","slug":"leuchtfeuer","status":"publish","type":"page","link":"https:\/\/www.die-seesterne.de\/index.php\/leuchtfeuer\/","title":{"rendered":"Leuchtfeuer"},"content":{"rendered":"\n<p class=\"has-drop-cap\">Das &#8222;Leuchtfeuer&#8220;, wie es auch liebevoll von seinen zahlreichen \nStammg\u00e4sten genannt wird, entstand 1921 aus der ehemaligen \nDorfwirtschaft &#8222;Gasthof Rose&#8220;. Hier traf man sich in Vergangenheit wie \nauch noch heute zum gepflegten und gem\u00fctlichen Beisammensein zum Essen \nund Trinken.Die urt\u00fcmliche Gastronomie im Herzen von Horumersiel mit \nseiner umfangreichen Speisen- und Getr\u00e4nkeauswahl begr\u00fc\u00dft seine \nhungrigen G\u00e4ste ganzj\u00e4hrig.<\/p>\n\n\n\n<p>Weit \u00fcber die Grenzen des Wangerlands hinaus bekannt sind unsere \nSpezialit\u00e4ten wie die Riesen-Kutterscholle oder die schmackhafte &#8222;Palme \nOst-Frieslands&#8220; &#8211; Der Gr\u00fcnkohl (ganzj\u00e4hrig). Ein Besuch lohnt sich auf \njeden Fall.<\/p>\n\n\n\n<p>Die original Braupfanne aus dem friesischen Brauhaus zu Jever, \n\u00fcberreicht 1984, verleiht der &#8222;Kaj\u00fcte&#8220; in dem vorderen Bereich eine \nstimmungsvolle Kulisse.<\/p>\n\n\n\n<p>Ob ein frisch gezapftes Jever Pilsner oder eines der anderen Biere im  Offenausschank, dazu eine z\u00fcnftigen Aquavit oder Moorgeist brennend  serviert, l\u00e4sst den D\u00e4mmerschoppen zum freudigen Erlebnis werden. In  geselliger Runde von Einheimischen, zu der auch die bekannte Kyffh\u00e4user  Kameradschaft Horumersiel z\u00e4hlt, trifft sich hier zum Kl\u00f6n Schnack und  am Abend geht so manche Runde um den Tresen, begleitet von typischen  Seemannsgarn, bei dem nicht immer alles stimmt was da von damals  berichtet wird.  Lassen Sie sich verzaubern von dem Charme typisch ost-friesischer Gastlichkeit.<\/p>\n\n\n\n<h3 class=\"wp-block-heading\">Hotel &amp; Restaurant Leuchtfeuer<\/h3>\n\n\n\n<p>Imke und Mario Krar<br>Goldstra\u00dfe 1<br>26434 Wangerland &#8211; Horumersiel<br>04426-71 00 \/ Hotel 04426-99030<\/p>\n\n\n\n<p><a rel=\"noreferrer noopener\" href=\"mailto:leuchtfeuer@horumersiel.de\" target=\"_blank\">leuchtfeuer@horumersiel.de<\/a><br><a rel=\"noreferrer noopener\" href=\"https:\/\/www.leuchtfeuer-horumersiel.de\" target=\"_blank\">www.leuchtfeuer-horumersiel.de<\/a><\/p>\n\n\n\n<ul class=\"wp-block-gallery columns-3 is-cropped wp-block-gallery-1 is-layout-flex wp-block-gallery-is-layout-flex\"><li class=\"blocks-gallery-item\"><figure><img loading=\"lazy\" decoding=\"async\" width=\"1024\" height=\"683\" src=\"https:\/\/www.die-seesterne.de\/neu\/wp-content\/uploads\/2019\/07\/30_Leuchtfeuer_03-1024x683.jpg\" alt=\"\" data-id=\"41\" data-link=\"https:\/\/www.die-seesterne.de\/neu\/?attachment_id=41\" class=\"wp-image-41\" srcset=\"https:\/\/www.die-seesterne.de\/wp-content\/uploads\/2019\/07\/30_Leuchtfeuer_03-1024x683.jpg 1024w, https:\/\/www.die-seesterne.de\/wp-content\/uploads\/2019\/07\/30_Leuchtfeuer_03-300x200.jpg 300w, https:\/\/www.die-seesterne.de\/wp-content\/uploads\/2019\/07\/30_Leuchtfeuer_03-768x512.jpg 768w, https:\/\/www.die-seesterne.de\/wp-content\/uploads\/2019\/07\/30_Leuchtfeuer_03-162x108.jpg 162w\" sizes=\"auto, (max-width: 1024px) 100vw, 1024px\" \/><\/figure><\/li><li class=\"blocks-gallery-item\"><figure><img loading=\"lazy\" decoding=\"async\" width=\"1024\" height=\"683\" src=\"https:\/\/www.die-seesterne.de\/neu\/wp-content\/uploads\/2019\/07\/30_Leuchtfeuer_34-1024x683.jpg\" alt=\"\" data-id=\"42\" data-link=\"https:\/\/www.die-seesterne.de\/neu\/?attachment_id=42\" class=\"wp-image-42\" srcset=\"https:\/\/www.die-seesterne.de\/wp-content\/uploads\/2019\/07\/30_Leuchtfeuer_34-1024x683.jpg 1024w, https:\/\/www.die-seesterne.de\/wp-content\/uploads\/2019\/07\/30_Leuchtfeuer_34-300x200.jpg 300w, https:\/\/www.die-seesterne.de\/wp-content\/uploads\/2019\/07\/30_Leuchtfeuer_34-768x512.jpg 768w, https:\/\/www.die-seesterne.de\/wp-content\/uploads\/2019\/07\/30_Leuchtfeuer_34-162x108.jpg 162w\" sizes=\"auto, (max-width: 1024px) 100vw, 1024px\" \/><\/figure><\/li><li class=\"blocks-gallery-item\"><figure><img loading=\"lazy\" decoding=\"async\" width=\"1024\" height=\"683\" src=\"https:\/\/www.die-seesterne.de\/neu\/wp-content\/uploads\/2019\/07\/Friesen-Tapas-1024x683.jpg\" alt=\"\" data-id=\"43\" data-link=\"https:\/\/www.die-seesterne.de\/neu\/?attachment_id=43\" class=\"wp-image-43\" srcset=\"https:\/\/www.die-seesterne.de\/wp-content\/uploads\/2019\/07\/Friesen-Tapas-1024x683.jpg 1024w, https:\/\/www.die-seesterne.de\/wp-content\/uploads\/2019\/07\/Friesen-Tapas-300x200.jpg 300w, https:\/\/www.die-seesterne.de\/wp-content\/uploads\/2019\/07\/Friesen-Tapas-768x512.jpg 768w, https:\/\/www.die-seesterne.de\/wp-content\/uploads\/2019\/07\/Friesen-Tapas-162x108.jpg 162w, https:\/\/www.die-seesterne.de\/wp-content\/uploads\/2019\/07\/Friesen-Tapas.jpg 1063w\" sizes=\"auto, (max-width: 1024px) 100vw, 1024px\" \/><\/figure><\/li><li class=\"blocks-gallery-item\"><figure><img loading=\"lazy\" decoding=\"async\" width=\"800\" height=\"600\" src=\"https:\/\/www.die-seesterne.de\/neu\/wp-content\/uploads\/2019\/07\/Hotel-Leuchtfeuer-Dorfplatz-Abendstimmung.jpg\" alt=\"\" data-id=\"44\" data-link=\"https:\/\/www.die-seesterne.de\/neu\/?attachment_id=44\" class=\"wp-image-44\" srcset=\"https:\/\/www.die-seesterne.de\/wp-content\/uploads\/2019\/07\/Hotel-Leuchtfeuer-Dorfplatz-Abendstimmung.jpg 800w, https:\/\/www.die-seesterne.de\/wp-content\/uploads\/2019\/07\/Hotel-Leuchtfeuer-Dorfplatz-Abendstimmung-300x225.jpg 300w, https:\/\/www.die-seesterne.de\/wp-content\/uploads\/2019\/07\/Hotel-Leuchtfeuer-Dorfplatz-Abendstimmung-768x576.jpg 768w, https:\/\/www.die-seesterne.de\/wp-content\/uploads\/2019\/07\/Hotel-Leuchtfeuer-Dorfplatz-Abendstimmung-144x108.jpg 144w\" sizes=\"auto, (max-width: 800px) 100vw, 800px\" \/><\/figure><\/li><li class=\"blocks-gallery-item\"><figure><img loading=\"lazy\" decoding=\"async\" width=\"1024\" height=\"768\" src=\"https:\/\/www.die-seesterne.de\/neu\/wp-content\/uploads\/2019\/07\/Hotel-Leuchtfeuer-Dorfplatz-1024x768.jpg\" alt=\"\" data-id=\"45\" data-link=\"https:\/\/www.die-seesterne.de\/neu\/?attachment_id=45\" class=\"wp-image-45\" srcset=\"https:\/\/www.die-seesterne.de\/wp-content\/uploads\/2019\/07\/Hotel-Leuchtfeuer-Dorfplatz-1024x768.jpg 1024w, https:\/\/www.die-seesterne.de\/wp-content\/uploads\/2019\/07\/Hotel-Leuchtfeuer-Dorfplatz-300x225.jpg 300w, https:\/\/www.die-seesterne.de\/wp-content\/uploads\/2019\/07\/Hotel-Leuchtfeuer-Dorfplatz-768x576.jpg 768w, https:\/\/www.die-seesterne.de\/wp-content\/uploads\/2019\/07\/Hotel-Leuchtfeuer-Dorfplatz-2000x1500.jpg 2000w, https:\/\/www.die-seesterne.de\/wp-content\/uploads\/2019\/07\/Hotel-Leuchtfeuer-Dorfplatz-144x108.jpg 144w\" sizes=\"auto, (max-width: 1024px) 100vw, 1024px\" \/><\/figure><\/li><li class=\"blocks-gallery-item\"><figure><img loading=\"lazy\" decoding=\"async\" width=\"1024\" height=\"768\" src=\"https:\/\/www.die-seesterne.de\/neu\/wp-content\/uploads\/2019\/07\/Hotel-Restaurant-Salatb\u00fcfett-1024x768.jpeg\" alt=\"\" data-id=\"46\" data-link=\"https:\/\/www.die-seesterne.de\/neu\/?attachment_id=46\" class=\"wp-image-46\" srcset=\"https:\/\/www.die-seesterne.de\/wp-content\/uploads\/2019\/07\/Hotel-Restaurant-Salatb\u00fcfett-1024x768.jpeg 1024w, https:\/\/www.die-seesterne.de\/wp-content\/uploads\/2019\/07\/Hotel-Restaurant-Salatb\u00fcfett-300x225.jpeg 300w, https:\/\/www.die-seesterne.de\/wp-content\/uploads\/2019\/07\/Hotel-Restaurant-Salatb\u00fcfett-768x576.jpeg 768w, https:\/\/www.die-seesterne.de\/wp-content\/uploads\/2019\/07\/Hotel-Restaurant-Salatb\u00fcfett-2000x1500.jpeg 2000w, https:\/\/www.die-seesterne.de\/wp-content\/uploads\/2019\/07\/Hotel-Restaurant-Salatb\u00fcfett-144x108.jpeg 144w\" sizes=\"auto, (max-width: 1024px) 100vw, 1024px\" \/><\/figure><\/li><li class=\"blocks-gallery-item\"><figure><img loading=\"lazy\" decoding=\"async\" width=\"1024\" height=\"768\" src=\"https:\/\/www.die-seesterne.de\/neu\/wp-content\/uploads\/2019\/07\/Osfriesische-Birnensuppe-1024x768.jpeg\" alt=\"\" data-id=\"47\" data-link=\"https:\/\/www.die-seesterne.de\/neu\/?attachment_id=47\" class=\"wp-image-47\" srcset=\"https:\/\/www.die-seesterne.de\/wp-content\/uploads\/2019\/07\/Osfriesische-Birnensuppe-1024x768.jpeg 1024w, https:\/\/www.die-seesterne.de\/wp-content\/uploads\/2019\/07\/Osfriesische-Birnensuppe-300x225.jpeg 300w, https:\/\/www.die-seesterne.de\/wp-content\/uploads\/2019\/07\/Osfriesische-Birnensuppe-768x576.jpeg 768w, https:\/\/www.die-seesterne.de\/wp-content\/uploads\/2019\/07\/Osfriesische-Birnensuppe-2000x1500.jpeg 2000w, https:\/\/www.die-seesterne.de\/wp-content\/uploads\/2019\/07\/Osfriesische-Birnensuppe-144x108.jpeg 144w\" sizes=\"auto, (max-width: 1024px) 100vw, 1024px\" \/><\/figure><\/li><li class=\"blocks-gallery-item\"><figure><img loading=\"lazy\" decoding=\"async\" width=\"1024\" height=\"768\" src=\"https:\/\/www.die-seesterne.de\/neu\/wp-content\/uploads\/2019\/07\/Restaurant-Leuchtfeuer-Mitte-1024x768.jpeg\" alt=\"\" data-id=\"48\" data-link=\"https:\/\/www.die-seesterne.de\/neu\/?attachment_id=48\" class=\"wp-image-48\" srcset=\"https:\/\/www.die-seesterne.de\/wp-content\/uploads\/2019\/07\/Restaurant-Leuchtfeuer-Mitte-1024x768.jpeg 1024w, https:\/\/www.die-seesterne.de\/wp-content\/uploads\/2019\/07\/Restaurant-Leuchtfeuer-Mitte-300x225.jpeg 300w, https:\/\/www.die-seesterne.de\/wp-content\/uploads\/2019\/07\/Restaurant-Leuchtfeuer-Mitte-768x576.jpeg 768w, https:\/\/www.die-seesterne.de\/wp-content\/uploads\/2019\/07\/Restaurant-Leuchtfeuer-Mitte-2000x1500.jpeg 2000w, https:\/\/www.die-seesterne.de\/wp-content\/uploads\/2019\/07\/Restaurant-Leuchtfeuer-Mitte-144x108.jpeg 144w\" sizes=\"auto, (max-width: 1024px) 100vw, 1024px\" \/><\/figure><\/li><li class=\"blocks-gallery-item\"><figure><img loading=\"lazy\" decoding=\"async\" width=\"1024\" height=\"768\" src=\"https:\/\/www.die-seesterne.de\/neu\/wp-content\/uploads\/2019\/07\/Restaurant-Leuchtfeuer-Muschelraum-1024x768.jpeg\" alt=\"\" data-id=\"49\" data-link=\"https:\/\/www.die-seesterne.de\/neu\/?attachment_id=49\" class=\"wp-image-49\" srcset=\"https:\/\/www.die-seesterne.de\/wp-content\/uploads\/2019\/07\/Restaurant-Leuchtfeuer-Muschelraum-1024x768.jpeg 1024w, https:\/\/www.die-seesterne.de\/wp-content\/uploads\/2019\/07\/Restaurant-Leuchtfeuer-Muschelraum-300x225.jpeg 300w, https:\/\/www.die-seesterne.de\/wp-content\/uploads\/2019\/07\/Restaurant-Leuchtfeuer-Muschelraum-768x576.jpeg 768w, https:\/\/www.die-seesterne.de\/wp-content\/uploads\/2019\/07\/Restaurant-Leuchtfeuer-Muschelraum-2000x1500.jpeg 2000w, https:\/\/www.die-seesterne.de\/wp-content\/uploads\/2019\/07\/Restaurant-Leuchtfeuer-Muschelraum-144x108.jpeg 144w\" sizes=\"auto, (max-width: 1024px) 100vw, 1024px\" \/><\/figure><\/li><li class=\"blocks-gallery-item\"><figure><img loading=\"lazy\" decoding=\"async\" width=\"1024\" height=\"768\" src=\"https:\/\/www.die-seesterne.de\/neu\/wp-content\/uploads\/2019\/07\/Scholle-gebraten-1024x768.jpeg\" alt=\"\" data-id=\"50\" data-link=\"https:\/\/www.die-seesterne.de\/neu\/?attachment_id=50\" class=\"wp-image-50\" srcset=\"https:\/\/www.die-seesterne.de\/wp-content\/uploads\/2019\/07\/Scholle-gebraten-1024x768.jpeg 1024w, https:\/\/www.die-seesterne.de\/wp-content\/uploads\/2019\/07\/Scholle-gebraten-300x225.jpeg 300w, https:\/\/www.die-seesterne.de\/wp-content\/uploads\/2019\/07\/Scholle-gebraten-768x576.jpeg 768w, https:\/\/www.die-seesterne.de\/wp-content\/uploads\/2019\/07\/Scholle-gebraten-2000x1500.jpeg 2000w, https:\/\/www.die-seesterne.de\/wp-content\/uploads\/2019\/07\/Scholle-gebraten-144x108.jpeg 144w\" sizes=\"auto, (max-width: 1024px) 100vw, 1024px\" \/><\/figure><\/li><\/ul>\n","protected":false},"excerpt":{"rendered":"<p>Das &#8222;Leuchtfeuer&#8220;, wie es auch liebevoll von seinen zahlreichen Stammg\u00e4sten genannt wird, entstand 1921 aus der ehemaligen Dorfwirtschaft &#8222;Gasthof Rose&#8220;. &hellip; <a href=\"https:\/\/www.die-seesterne.de\/index.php\/leuchtfeuer\/\" class=\"more-link\"><span class=\"screen-reader-text\">Leuchtfeuer<\/span> weiterlesen<\/a><\/p>\n","protected":false},"author":1,"featured_media":253,"parent":0,"menu_order":0,"comment_status":"closed","ping_status":"closed","template":"","meta":{"footnotes":""},"class_list":["post-40","page","type-page","status-publish","has-post-thumbnail","hentry"],"jetpack_sharing_enabled":true,"_links":{"self":[{"href":"https:\/\/www.die-seesterne.de\/index.php\/wp-json\/wp\/v2\/pages\/40","targetHints":{"allow":["GET"]}}],"collection":[{"href":"https:\/\/www.die-seesterne.de\/index.php\/wp-json\/wp\/v2\/pages"}],"about":[{"href":"https:\/\/www.die-seesterne.de\/index.php\/wp-json\/wp\/v2\/types\/page"}],"author":[{"embeddable":true,"href":"https:\/\/www.die-seesterne.de\/index.php\/wp-json\/wp\/v2\/users\/1"}],"replies":[{"embeddable":true,"href":"https:\/\/www.die-seesterne.de\/index.php\/wp-json\/wp\/v2\/comments?post=40"}],"version-history":[{"count":1,"href":"https:\/\/www.die-seesterne.de\/index.php\/wp-json\/wp\/v2\/pages\/40\/revisions"}],"predecessor-version":[{"id":52,"href":"https:\/\/www.die-seesterne.de\/index.php\/wp-json\/wp\/v2\/pages\/40\/revisions\/52"}],"wp:featuredmedia":[{"embeddable":true,"href":"https:\/\/www.die-seesterne.de\/index.php\/wp-json\/wp\/v2\/media\/253"}],"wp:attachment":[{"href":"https:\/\/www.die-seesterne.de\/index.php\/wp-json\/wp\/v2\/media?parent=40"}],"curies":[{"name":"wp","href":"https:\/\/api.w.org\/{rel}","templated":true}]}}