{"id":63,"date":"2019-07-11T14:05:49","date_gmt":"2019-07-11T12:05:49","guid":{"rendered":"https:\/\/www.die-seesterne.de\/neu\/?page_id=63"},"modified":"2019-07-11T14:05:49","modified_gmt":"2019-07-11T12:05:49","slug":"zum-deichgrafen","status":"publish","type":"page","link":"https:\/\/www.die-seesterne.de\/index.php\/zum-deichgrafen\/","title":{"rendered":"Zum Deichgrafen"},"content":{"rendered":"\n<p class=\"has-drop-cap\">Das seit 1887 in der vierten Generation, im Familienbesitz \nbefindliche Haus liegt auf der h\u00f6chsten Wurt des Wangerlandes in der \nN\u00e4he des Naturschutzgebietes &#8222;Elisabeth-Groden&#8220; und den friesischen \nNordseeb\u00e4dern Horumersiel und Schillig. Erholung und Entspannung sind \ndurch die herrliche Lage unseres Hauses garantiert. Selbst der k\u00fcrzeste \nAufenthalt wird zum unvergessenen Erlebnis.<\/p>\n\n\n\n<p>In unserem famili\u00e4r gef\u00fchrten Haus bieten wir Ihnen in ruhiger Lage \nferienfreundlich eingerichtete Zimmer mit Dusche, WC, Telefon und \nSat-TV; teilweise mit Balkon. Einige Zimmer sind behindertengerecht \neingerichtet. Eine komfortable Sauna sorgt f\u00fcr Ausgleich und \nEntspannung.<\/p>\n\n\n\n<p>Unsere Gastronomie im Deichgrafen mit der reichhaltigen Mittags- und  Abendkarte bietet Ihnen bekannte Gerichte und verw\u00f6hnt Sie mit  lukullischen Spezialit\u00e4ten des Landstriches. Was liegt an der  Nordseek\u00fcste n\u00e4her, als Ihnen hier Fisch in seiner Vielzahl von Arten  und Zubereitungen anzubieten? Fisch, Muscheln und Krabben bekommen Sie  bei uns so frisch wie sonst nirgendwo.<\/p>\n\n\n\n<h3 class=\"wp-block-heading\">Gasthof Zum Deichgrafen<\/h3>\n\n\n\n<p>Scherf GmbH<br>F\u00f6rriener-Loog 13<br>26434 Wangerland<br>04426 &#8211; 9900-0<\/p>\n\n\n\n<p><a href=\"mailto:info@gasthof-zum-deichgrafen.de\">info@gasthof-zum-deichgrafen.de<\/a><br><a rel=\"noreferrer noopener\" href=\"https:\/\/www.gasthof-zum-deichgrafen.de\" target=\"_blank\">www.gasthof-zum-deichgrafen.de<\/a><\/p>\n\n\n\n<ul class=\"wp-block-gallery columns-3 is-cropped wp-block-gallery-1 is-layout-flex wp-block-gallery-is-layout-flex\"><li class=\"blocks-gallery-item\"><figure><img loading=\"lazy\" decoding=\"async\" width=\"1024\" height=\"683\" src=\"https:\/\/www.die-seesterne.de\/neu\/wp-content\/uploads\/2019\/07\/a47a8647-1024x683.jpg\" alt=\"\" data-id=\"65\" data-link=\"https:\/\/www.die-seesterne.de\/neu\/?attachment_id=65\" class=\"wp-image-65\" srcset=\"https:\/\/www.die-seesterne.de\/wp-content\/uploads\/2019\/07\/a47a8647-1024x683.jpg 1024w, https:\/\/www.die-seesterne.de\/wp-content\/uploads\/2019\/07\/a47a8647-300x200.jpg 300w, https:\/\/www.die-seesterne.de\/wp-content\/uploads\/2019\/07\/a47a8647-768x512.jpg 768w, https:\/\/www.die-seesterne.de\/wp-content\/uploads\/2019\/07\/a47a8647-162x108.jpg 162w, https:\/\/www.die-seesterne.de\/wp-content\/uploads\/2019\/07\/a47a8647.jpg 1200w\" sizes=\"auto, (max-width: 1024px) 100vw, 1024px\" \/><\/figure><\/li><li class=\"blocks-gallery-item\"><figure><img loading=\"lazy\" decoding=\"async\" width=\"1024\" height=\"683\" src=\"https:\/\/www.die-seesterne.de\/neu\/wp-content\/uploads\/2019\/07\/a47a8660-1024x683.jpg\" alt=\"\" data-id=\"66\" data-link=\"https:\/\/www.die-seesterne.de\/neu\/?attachment_id=66\" class=\"wp-image-66\" srcset=\"https:\/\/www.die-seesterne.de\/wp-content\/uploads\/2019\/07\/a47a8660-1024x683.jpg 1024w, https:\/\/www.die-seesterne.de\/wp-content\/uploads\/2019\/07\/a47a8660-300x200.jpg 300w, https:\/\/www.die-seesterne.de\/wp-content\/uploads\/2019\/07\/a47a8660-768x512.jpg 768w, https:\/\/www.die-seesterne.de\/wp-content\/uploads\/2019\/07\/a47a8660-162x108.jpg 162w, https:\/\/www.die-seesterne.de\/wp-content\/uploads\/2019\/07\/a47a8660.jpg 1200w\" sizes=\"auto, (max-width: 1024px) 100vw, 1024px\" \/><\/figure><\/li><li class=\"blocks-gallery-item\"><figure><img loading=\"lazy\" decoding=\"async\" width=\"1024\" height=\"576\" src=\"https:\/\/www.die-seesterne.de\/neu\/wp-content\/uploads\/2019\/07\/a47a8665-1024x576.jpg\" alt=\"\" data-id=\"67\" data-link=\"https:\/\/www.die-seesterne.de\/neu\/?attachment_id=67\" class=\"wp-image-67\" srcset=\"https:\/\/www.die-seesterne.de\/wp-content\/uploads\/2019\/07\/a47a8665-1024x576.jpg 1024w, https:\/\/www.die-seesterne.de\/wp-content\/uploads\/2019\/07\/a47a8665-300x169.jpg 300w, https:\/\/www.die-seesterne.de\/wp-content\/uploads\/2019\/07\/a47a8665-768x432.jpg 768w, https:\/\/www.die-seesterne.de\/wp-content\/uploads\/2019\/07\/a47a8665-192x108.jpg 192w, https:\/\/www.die-seesterne.de\/wp-content\/uploads\/2019\/07\/a47a8665.jpg 1200w\" sizes=\"auto, (max-width: 1024px) 100vw, 1024px\" \/><\/figure><\/li><li class=\"blocks-gallery-item\"><figure><img loading=\"lazy\" decoding=\"async\" width=\"1024\" height=\"683\" src=\"https:\/\/www.die-seesterne.de\/neu\/wp-content\/uploads\/2019\/07\/a47a8695-1024x683.jpg\" alt=\"\" data-id=\"68\" data-link=\"https:\/\/www.die-seesterne.de\/neu\/?attachment_id=68\" class=\"wp-image-68\" srcset=\"https:\/\/www.die-seesterne.de\/wp-content\/uploads\/2019\/07\/a47a8695-1024x683.jpg 1024w, https:\/\/www.die-seesterne.de\/wp-content\/uploads\/2019\/07\/a47a8695-300x200.jpg 300w, https:\/\/www.die-seesterne.de\/wp-content\/uploads\/2019\/07\/a47a8695-768x512.jpg 768w, https:\/\/www.die-seesterne.de\/wp-content\/uploads\/2019\/07\/a47a8695-162x108.jpg 162w, https:\/\/www.die-seesterne.de\/wp-content\/uploads\/2019\/07\/a47a8695.jpg 1200w\" sizes=\"auto, (max-width: 1024px) 100vw, 1024px\" \/><\/figure><\/li><li class=\"blocks-gallery-item\"><figure><img loading=\"lazy\" decoding=\"async\" width=\"1024\" height=\"576\" src=\"https:\/\/www.die-seesterne.de\/neu\/wp-content\/uploads\/2019\/07\/img_2826_lr-1024x576.jpg\" alt=\"\" data-id=\"69\" data-link=\"https:\/\/www.die-seesterne.de\/neu\/?attachment_id=69\" class=\"wp-image-69\" srcset=\"https:\/\/www.die-seesterne.de\/wp-content\/uploads\/2019\/07\/img_2826_lr-1024x576.jpg 1024w, https:\/\/www.die-seesterne.de\/wp-content\/uploads\/2019\/07\/img_2826_lr-300x169.jpg 300w, https:\/\/www.die-seesterne.de\/wp-content\/uploads\/2019\/07\/img_2826_lr-768x432.jpg 768w, https:\/\/www.die-seesterne.de\/wp-content\/uploads\/2019\/07\/img_2826_lr-192x108.jpg 192w, https:\/\/www.die-seesterne.de\/wp-content\/uploads\/2019\/07\/img_2826_lr.jpg 1200w\" sizes=\"auto, (max-width: 1024px) 100vw, 1024px\" \/><\/figure><\/li><li class=\"blocks-gallery-item\"><figure><img loading=\"lazy\" decoding=\"async\" width=\"1024\" height=\"576\" src=\"https:\/\/www.die-seesterne.de\/neu\/wp-content\/uploads\/2019\/07\/img_2827_lr-1024x576.jpg\" alt=\"\" data-id=\"70\" data-link=\"https:\/\/www.die-seesterne.de\/neu\/?attachment_id=70\" class=\"wp-image-70\" srcset=\"https:\/\/www.die-seesterne.de\/wp-content\/uploads\/2019\/07\/img_2827_lr-1024x576.jpg 1024w, https:\/\/www.die-seesterne.de\/wp-content\/uploads\/2019\/07\/img_2827_lr-300x169.jpg 300w, https:\/\/www.die-seesterne.de\/wp-content\/uploads\/2019\/07\/img_2827_lr-768x432.jpg 768w, https:\/\/www.die-seesterne.de\/wp-content\/uploads\/2019\/07\/img_2827_lr-192x108.jpg 192w, https:\/\/www.die-seesterne.de\/wp-content\/uploads\/2019\/07\/img_2827_lr.jpg 1200w\" sizes=\"auto, (max-width: 1024px) 100vw, 1024px\" \/><\/figure><\/li><li class=\"blocks-gallery-item\"><figure><img loading=\"lazy\" decoding=\"async\" width=\"1024\" height=\"683\" src=\"https:\/\/www.die-seesterne.de\/neu\/wp-content\/uploads\/2019\/07\/restaurant_1-1024x683.jpg\" alt=\"\" data-id=\"71\" data-link=\"https:\/\/www.die-seesterne.de\/neu\/?attachment_id=71\" class=\"wp-image-71\" srcset=\"https:\/\/www.die-seesterne.de\/wp-content\/uploads\/2019\/07\/restaurant_1-1024x683.jpg 1024w, https:\/\/www.die-seesterne.de\/wp-content\/uploads\/2019\/07\/restaurant_1-300x200.jpg 300w, https:\/\/www.die-seesterne.de\/wp-content\/uploads\/2019\/07\/restaurant_1-768x512.jpg 768w, https:\/\/www.die-seesterne.de\/wp-content\/uploads\/2019\/07\/restaurant_1-162x108.jpg 162w, https:\/\/www.die-seesterne.de\/wp-content\/uploads\/2019\/07\/restaurant_1.jpg 1300w\" sizes=\"auto, (max-width: 1024px) 100vw, 1024px\" \/><\/figure><\/li><li class=\"blocks-gallery-item\"><figure><img loading=\"lazy\" decoding=\"async\" width=\"1024\" height=\"682\" src=\"https:\/\/www.die-seesterne.de\/neu\/wp-content\/uploads\/2019\/07\/terrasse_1-1024x682.jpg\" alt=\"\" data-id=\"72\" data-link=\"https:\/\/www.die-seesterne.de\/neu\/?attachment_id=72\" class=\"wp-image-72\" srcset=\"https:\/\/www.die-seesterne.de\/wp-content\/uploads\/2019\/07\/terrasse_1-1024x682.jpg 1024w, https:\/\/www.die-seesterne.de\/wp-content\/uploads\/2019\/07\/terrasse_1-300x200.jpg 300w, https:\/\/www.die-seesterne.de\/wp-content\/uploads\/2019\/07\/terrasse_1-768x512.jpg 768w, https:\/\/www.die-seesterne.de\/wp-content\/uploads\/2019\/07\/terrasse_1-162x108.jpg 162w, https:\/\/www.die-seesterne.de\/wp-content\/uploads\/2019\/07\/terrasse_1.jpg 1300w\" sizes=\"auto, (max-width: 1024px) 100vw, 1024px\" \/><\/figure><\/li><li class=\"blocks-gallery-item\"><figure><img loading=\"lazy\" decoding=\"async\" width=\"1024\" height=\"683\" src=\"https:\/\/www.die-seesterne.de\/neu\/wp-content\/uploads\/2019\/07\/a47a8647-Kopie-1024x683.jpg\" alt=\"\" data-id=\"73\" data-link=\"https:\/\/www.die-seesterne.de\/neu\/?attachment_id=73\" class=\"wp-image-73\" srcset=\"https:\/\/www.die-seesterne.de\/wp-content\/uploads\/2019\/07\/a47a8647-Kopie-1024x683.jpg 1024w, https:\/\/www.die-seesterne.de\/wp-content\/uploads\/2019\/07\/a47a8647-Kopie-300x200.jpg 300w, https:\/\/www.die-seesterne.de\/wp-content\/uploads\/2019\/07\/a47a8647-Kopie-768x512.jpg 768w, https:\/\/www.die-seesterne.de\/wp-content\/uploads\/2019\/07\/a47a8647-Kopie-162x108.jpg 162w, https:\/\/www.die-seesterne.de\/wp-content\/uploads\/2019\/07\/a47a8647-Kopie.jpg 1200w\" sizes=\"auto, (max-width: 1024px) 100vw, 1024px\" \/><\/figure><\/li><li class=\"blocks-gallery-item\"><figure><img loading=\"lazy\" decoding=\"async\" width=\"1024\" height=\"576\" src=\"https:\/\/www.die-seesterne.de\/neu\/wp-content\/uploads\/2019\/07\/a47a8665-Kopie-1024x576.jpg\" alt=\"\" data-id=\"74\" data-link=\"https:\/\/www.die-seesterne.de\/neu\/?attachment_id=74\" class=\"wp-image-74\" srcset=\"https:\/\/www.die-seesterne.de\/wp-content\/uploads\/2019\/07\/a47a8665-Kopie-1024x576.jpg 1024w, https:\/\/www.die-seesterne.de\/wp-content\/uploads\/2019\/07\/a47a8665-Kopie-300x169.jpg 300w, https:\/\/www.die-seesterne.de\/wp-content\/uploads\/2019\/07\/a47a8665-Kopie-768x432.jpg 768w, https:\/\/www.die-seesterne.de\/wp-content\/uploads\/2019\/07\/a47a8665-Kopie-192x108.jpg 192w, https:\/\/www.die-seesterne.de\/wp-content\/uploads\/2019\/07\/a47a8665-Kopie.jpg 1200w\" sizes=\"auto, (max-width: 1024px) 100vw, 1024px\" \/><\/figure><\/li><\/ul>\n","protected":false},"excerpt":{"rendered":"<p>Das seit 1887 in der vierten Generation, im Familienbesitz befindliche Haus liegt auf der h\u00f6chsten Wurt des Wangerlandes in der &hellip; <a href=\"https:\/\/www.die-seesterne.de\/index.php\/zum-deichgrafen\/\" class=\"more-link\"><span class=\"screen-reader-text\">Zum Deichgrafen<\/span> weiterlesen<\/a><\/p>\n","protected":false},"author":1,"featured_media":64,"parent":0,"menu_order":0,"comment_status":"closed","ping_status":"closed","template":"","meta":{"footnotes":""},"class_list":["post-63","page","type-page","status-publish","has-post-thumbnail","hentry"],"jetpack_sharing_enabled":true,"_links":{"self":[{"href":"https:\/\/www.die-seesterne.de\/index.php\/wp-json\/wp\/v2\/pages\/63","targetHints":{"allow":["GET"]}}],"collection":[{"href":"https:\/\/www.die-seesterne.de\/index.php\/wp-json\/wp\/v2\/pages"}],"about":[{"href":"https:\/\/www.die-seesterne.de\/index.php\/wp-json\/wp\/v2\/types\/page"}],"author":[{"embeddable":true,"href":"https:\/\/www.die-seesterne.de\/index.php\/wp-json\/wp\/v2\/users\/1"}],"replies":[{"embeddable":true,"href":"https:\/\/www.die-seesterne.de\/index.php\/wp-json\/wp\/v2\/comments?post=63"}],"version-history":[{"count":1,"href":"https:\/\/www.die-seesterne.de\/index.php\/wp-json\/wp\/v2\/pages\/63\/revisions"}],"predecessor-version":[{"id":76,"href":"https:\/\/www.die-seesterne.de\/index.php\/wp-json\/wp\/v2\/pages\/63\/revisions\/76"}],"wp:featuredmedia":[{"embeddable":true,"href":"https:\/\/www.die-seesterne.de\/index.php\/wp-json\/wp\/v2\/media\/64"}],"wp:attachment":[{"href":"https:\/\/www.die-seesterne.de\/index.php\/wp-json\/wp\/v2\/media?parent=63"}],"curies":[{"name":"wp","href":"https:\/\/api.w.org\/{rel}","templated":true}]}}